{"id":43987,"date":"2023-12-07T12:34:58","date_gmt":"2023-12-07T11:34:58","guid":{"rendered":"https:\/\/hillystore.com\/?post_type=product&#038;p=43987"},"modified":"2026-03-10T14:47:11","modified_gmt":"2026-03-10T13:47:11","slug":"silver-earrings-shining-ridge","status":"publish","type":"product","link":"https:\/\/hillystore.com\/en\/produkt\/silver-earrings-shining-ridge\/","title":{"rendered":"Silver Earrings Shining Ridge"},"content":{"rendered":"","protected":false},"excerpt":{"rendered":"","protected":false},"featured_media":81162,"template":"","meta":{"_acf_changed":false},"product_brand":[],"product_cat":[1669,507,1775,579,587,591,508],"product_tag":[1437,1448,1348,1513,1026],"giftcard-category":[],"class_list":{"0":"post-43987","1":"product","2":"type-product","3":"status-publish","4":"has-post-thumbnail","6":"product_cat-bizuteria-gorska-en","7":"product_cat-earrings-en-2","8":"product_cat-idealny-prezent","9":"product_cat-mountains-peaks-inspired-jewelry","10":"product_cat-nowosci-en","11":"product_cat-shining-crags","12":"product_cat-silver-earrings","13":"product_tag-gift-idea","14":"product_tag-handmade-silver-earrings","15":"product_tag-jewelry-for-wife","16":"product_tag-wedding-silver-earrings","17":"product_tag-womens-mountain-jewelry-en-2","18":"tm-no-options-pxq","20":"first","21":"instock","22":"shipping-taxable","23":"purchasable","24":"product-type-variable","26":"catalog-layout-default","27":"columns-xs-2"},"acf":[],"yoast_head":"<!-- This site is optimized with the Yoast SEO plugin v26.6 - https:\/\/yoast.com\/wordpress\/plugins\/seo\/ -->\n<title>Silver Earrings Shining Ridge - Hilly Sheep - Bi\u017cuteria z g\u00f3rskimi motywami<\/title>\n<meta name=\"description\" content=\"Z\u0142ote kolczyki G\u00f3ry to bi\u017cuteria, dzi\u0119ki kt\u00f3rej wyrazisz swoj\u0105 g\u00f3rsk\u0105 pasj\u0119. Zobacz kolczyki, kt\u00f3re stan\u0105 si\u0119 symbolem Twojej mi\u0142o\u015bci do g\u00f3r.\" \/>\n<meta name=\"robots\" content=\"index, follow, max-snippet:-1, max-image-preview:large, max-video-preview:-1\" \/>\n<link rel=\"canonical\" href=\"https:\/\/hillystore.com\/en\/produkt\/silver-earrings-shining-ridge\/\" \/>\n<meta property=\"og:locale\" content=\"en_US\" \/>\n<meta property=\"og:type\" content=\"article\" \/>\n<meta property=\"og:title\" content=\"Silver Earrings Shining Ridge - Hilly Sheep - Bi\u017cuteria z g\u00f3rskimi motywami\" \/>\n<meta property=\"og:description\" content=\"Z\u0142ote kolczyki G\u00f3ry to bi\u017cuteria, dzi\u0119ki kt\u00f3rej wyrazisz swoj\u0105 g\u00f3rsk\u0105 pasj\u0119. Zobacz kolczyki, kt\u00f3re stan\u0105 si\u0119 symbolem Twojej mi\u0142o\u015bci do g\u00f3r.\" \/>\n<meta property=\"og:url\" content=\"https:\/\/hillystore.com\/en\/produkt\/silver-earrings-shining-ridge\/\" \/>\n<meta property=\"og:site_name\" content=\"Hilly | Mountains jewellery\" \/>\n<meta property=\"article:modified_time\" content=\"2026-03-10T13:47:11+00:00\" \/>\n<meta property=\"og:image\" content=\"https:\/\/hillystore.com\/wp-content\/uploads\/2023\/12\/turnie-kolczyki-2-1.jpg\" \/>\n\t<meta property=\"og:image:width\" content=\"2005\" \/>\n\t<meta property=\"og:image:height\" content=\"2506\" \/>\n\t<meta property=\"og:image:type\" content=\"image\/jpeg\" \/>\n<meta name=\"twitter:card\" content=\"summary_large_image\" \/>\n<meta name=\"twitter:label1\" content=\"Est. reading time\" \/>\n\t<meta name=\"twitter:data1\" content=\"1 minute\" \/>\n<script type=\"application\/ld+json\" class=\"yoast-schema-graph\">{\"@context\":\"https:\/\/schema.org\",\"@graph\":[{\"@type\":\"WebPage\",\"@id\":\"https:\/\/hillystore.com\/en\/produkt\/silver-earrings-shining-ridge\/\",\"url\":\"https:\/\/hillystore.com\/en\/produkt\/silver-earrings-shining-ridge\/\",\"name\":\"Silver Earrings Shining Ridge - Hilly Sheep - Bi\u017cuteria z g\u00f3rskimi motywami\",\"isPartOf\":{\"@id\":\"https:\/\/hillystore.com\/en\/#website\"},\"primaryImageOfPage\":{\"@id\":\"https:\/\/hillystore.com\/en\/produkt\/silver-earrings-shining-ridge\/#primaryimage\"},\"image\":{\"@id\":\"https:\/\/hillystore.com\/en\/produkt\/silver-earrings-shining-ridge\/#primaryimage\"},\"thumbnailUrl\":\"https:\/\/hillystore.com\/wp-content\/uploads\/2023\/12\/turnie-kolczyki-2-1.jpg\",\"datePublished\":\"2023-12-07T11:34:58+00:00\",\"dateModified\":\"2026-03-10T13:47:11+00:00\",\"description\":\"Z\u0142ote kolczyki G\u00f3ry to bi\u017cuteria, dzi\u0119ki kt\u00f3rej wyrazisz swoj\u0105 g\u00f3rsk\u0105 pasj\u0119. Zobacz kolczyki, kt\u00f3re stan\u0105 si\u0119 symbolem Twojej mi\u0142o\u015bci do g\u00f3r.\",\"breadcrumb\":{\"@id\":\"https:\/\/hillystore.com\/en\/produkt\/silver-earrings-shining-ridge\/#breadcrumb\"},\"inLanguage\":\"en-US\",\"potentialAction\":[{\"@type\":\"ReadAction\",\"target\":[\"https:\/\/hillystore.com\/en\/produkt\/silver-earrings-shining-ridge\/\"]}]},{\"@type\":\"ImageObject\",\"inLanguage\":\"en-US\",\"@id\":\"https:\/\/hillystore.com\/en\/produkt\/silver-earrings-shining-ridge\/#primaryimage\",\"url\":\"https:\/\/hillystore.com\/wp-content\/uploads\/2023\/12\/turnie-kolczyki-2-1.jpg\",\"contentUrl\":\"https:\/\/hillystore.com\/wp-content\/uploads\/2023\/12\/turnie-kolczyki-2-1.jpg\",\"width\":2005,\"height\":2506},{\"@type\":\"BreadcrumbList\",\"@id\":\"https:\/\/hillystore.com\/en\/produkt\/silver-earrings-shining-ridge\/#breadcrumb\",\"itemListElement\":[{\"@type\":\"ListItem\",\"position\":1,\"name\":\"Home\",\"item\":\"https:\/\/hillystore.com\/en\/\"},{\"@type\":\"ListItem\",\"position\":2,\"name\":\"Shop\",\"item\":\"https:\/\/hillystore.com\/en\/shop\/\"},{\"@type\":\"ListItem\",\"position\":3,\"name\":\"Nowo\u015bci\",\"item\":\"https:\/\/hillystore.com\/en\/category\/nowosci-en\/\"},{\"@type\":\"ListItem\",\"position\":4,\"name\":\"Silver Earrings Shining Ridge\"}]},{\"@type\":\"WebSite\",\"@id\":\"https:\/\/hillystore.com\/en\/#website\",\"url\":\"https:\/\/hillystore.com\/en\/\",\"name\":\"Hilly | Mountains jewellery\",\"description\":\"\",\"potentialAction\":[{\"@type\":\"SearchAction\",\"target\":{\"@type\":\"EntryPoint\",\"urlTemplate\":\"https:\/\/hillystore.com\/en\/?s={search_term_string}\"},\"query-input\":{\"@type\":\"PropertyValueSpecification\",\"valueRequired\":true,\"valueName\":\"search_term_string\"}}],\"inLanguage\":\"en-US\"}]}<\/script>\n<!-- \/ Yoast SEO plugin. -->","yoast_head_json":{"title":"Silver Earrings Shining Ridge - Hilly Sheep - Bi\u017cuteria z g\u00f3rskimi motywami","description":"Z\u0142ote kolczyki G\u00f3ry to bi\u017cuteria, dzi\u0119ki kt\u00f3rej wyrazisz swoj\u0105 g\u00f3rsk\u0105 pasj\u0119. Zobacz kolczyki, kt\u00f3re stan\u0105 si\u0119 symbolem Twojej mi\u0142o\u015bci do g\u00f3r.","robots":{"index":"index","follow":"follow","max-snippet":"max-snippet:-1","max-image-preview":"max-image-preview:large","max-video-preview":"max-video-preview:-1"},"canonical":"https:\/\/hillystore.com\/en\/produkt\/silver-earrings-shining-ridge\/","og_locale":"en_US","og_type":"article","og_title":"Silver Earrings Shining Ridge - Hilly Sheep - Bi\u017cuteria z g\u00f3rskimi motywami","og_description":"Z\u0142ote kolczyki G\u00f3ry to bi\u017cuteria, dzi\u0119ki kt\u00f3rej wyrazisz swoj\u0105 g\u00f3rsk\u0105 pasj\u0119. Zobacz kolczyki, kt\u00f3re stan\u0105 si\u0119 symbolem Twojej mi\u0142o\u015bci do g\u00f3r.","og_url":"https:\/\/hillystore.com\/en\/produkt\/silver-earrings-shining-ridge\/","og_site_name":"Hilly | Mountains jewellery","article_modified_time":"2026-03-10T13:47:11+00:00","og_image":[{"width":2005,"height":2506,"url":"https:\/\/hillystore.com\/wp-content\/uploads\/2023\/12\/turnie-kolczyki-2-1.jpg","type":"image\/jpeg"}],"twitter_card":"summary_large_image","twitter_misc":{"Est. reading time":"1 minute"},"schema":{"@context":"https:\/\/schema.org","@graph":[{"@type":"WebPage","@id":"https:\/\/hillystore.com\/en\/produkt\/silver-earrings-shining-ridge\/","url":"https:\/\/hillystore.com\/en\/produkt\/silver-earrings-shining-ridge\/","name":"Silver Earrings Shining Ridge - Hilly Sheep - Bi\u017cuteria z g\u00f3rskimi motywami","isPartOf":{"@id":"https:\/\/hillystore.com\/en\/#website"},"primaryImageOfPage":{"@id":"https:\/\/hillystore.com\/en\/produkt\/silver-earrings-shining-ridge\/#primaryimage"},"image":{"@id":"https:\/\/hillystore.com\/en\/produkt\/silver-earrings-shining-ridge\/#primaryimage"},"thumbnailUrl":"https:\/\/hillystore.com\/wp-content\/uploads\/2023\/12\/turnie-kolczyki-2-1.jpg","datePublished":"2023-12-07T11:34:58+00:00","dateModified":"2026-03-10T13:47:11+00:00","description":"Z\u0142ote kolczyki G\u00f3ry to bi\u017cuteria, dzi\u0119ki kt\u00f3rej wyrazisz swoj\u0105 g\u00f3rsk\u0105 pasj\u0119. Zobacz kolczyki, kt\u00f3re stan\u0105 si\u0119 symbolem Twojej mi\u0142o\u015bci do g\u00f3r.","breadcrumb":{"@id":"https:\/\/hillystore.com\/en\/produkt\/silver-earrings-shining-ridge\/#breadcrumb"},"inLanguage":"en-US","potentialAction":[{"@type":"ReadAction","target":["https:\/\/hillystore.com\/en\/produkt\/silver-earrings-shining-ridge\/"]}]},{"@type":"ImageObject","inLanguage":"en-US","@id":"https:\/\/hillystore.com\/en\/produkt\/silver-earrings-shining-ridge\/#primaryimage","url":"https:\/\/hillystore.com\/wp-content\/uploads\/2023\/12\/turnie-kolczyki-2-1.jpg","contentUrl":"https:\/\/hillystore.com\/wp-content\/uploads\/2023\/12\/turnie-kolczyki-2-1.jpg","width":2005,"height":2506},{"@type":"BreadcrumbList","@id":"https:\/\/hillystore.com\/en\/produkt\/silver-earrings-shining-ridge\/#breadcrumb","itemListElement":[{"@type":"ListItem","position":1,"name":"Home","item":"https:\/\/hillystore.com\/en\/"},{"@type":"ListItem","position":2,"name":"Shop","item":"https:\/\/hillystore.com\/en\/shop\/"},{"@type":"ListItem","position":3,"name":"Nowo\u015bci","item":"https:\/\/hillystore.com\/en\/category\/nowosci-en\/"},{"@type":"ListItem","position":4,"name":"Silver Earrings Shining Ridge"}]},{"@type":"WebSite","@id":"https:\/\/hillystore.com\/en\/#website","url":"https:\/\/hillystore.com\/en\/","name":"Hilly | Mountains jewellery","description":"","potentialAction":[{"@type":"SearchAction","target":{"@type":"EntryPoint","urlTemplate":"https:\/\/hillystore.com\/en\/?s={search_term_string}"},"query-input":{"@type":"PropertyValueSpecification","valueRequired":true,"valueName":"search_term_string"}}],"inLanguage":"en-US"}]}},"_links":{"self":[{"href":"https:\/\/hillystore.com\/en\/wp-json\/wp\/v2\/product\/43987","targetHints":{"allow":["GET"]}}],"collection":[{"href":"https:\/\/hillystore.com\/en\/wp-json\/wp\/v2\/product"}],"about":[{"href":"https:\/\/hillystore.com\/en\/wp-json\/wp\/v2\/types\/product"}],"wp:featuredmedia":[{"embeddable":true,"href":"https:\/\/hillystore.com\/en\/wp-json\/wp\/v2\/media\/81162"}],"wp:attachment":[{"href":"https:\/\/hillystore.com\/en\/wp-json\/wp\/v2\/media?parent=43987"}],"wp:term":[{"taxonomy":"product_brand","embeddable":true,"href":"https:\/\/hillystore.com\/en\/wp-json\/wp\/v2\/product_brand?post=43987"},{"taxonomy":"product_cat","embeddable":true,"href":"https:\/\/hillystore.com\/en\/wp-json\/wp\/v2\/product_cat?post=43987"},{"taxonomy":"product_tag","embeddable":true,"href":"https:\/\/hillystore.com\/en\/wp-json\/wp\/v2\/product_tag?post=43987"},{"taxonomy":"giftcard-category","embeddable":true,"href":"https:\/\/hillystore.com\/en\/wp-json\/wp\/v2\/giftcard-category?post=43987"}],"curies":[{"name":"wp","href":"https:\/\/api.w.org\/{rel}","templated":true}]}}