{"id":44460,"date":"2023-12-11T10:26:35","date_gmt":"2023-12-11T09:26:35","guid":{"rendered":"https:\/\/hillystore.com\/?post_type=product&#038;p=44460"},"modified":"2025-02-25T11:21:32","modified_gmt":"2025-02-25T10:21:32","slug":"earrings-shining-ridge","status":"publish","type":"product","link":"https:\/\/hillystore.com\/en\/produkt\/earrings-shining-ridge\/","title":{"rendered":"Gold Earrings Shining Ridge"},"content":{"rendered":"","protected":false},"excerpt":{"rendered":"","protected":false},"featured_media":81158,"template":"","meta":{"_acf_changed":false},"product_brand":[],"product_cat":[1669,507,509,1775,579,587,591],"product_tag":[1306,1402,1445,1024,1043],"giftcard-category":[],"class_list":{"0":"post-44460","1":"product","2":"type-product","3":"status-publish","4":"has-post-thumbnail","6":"product_cat-bizuteria-gorska-en","7":"product_cat-earrings-en-2","8":"product_cat-gold-earrings","9":"product_cat-idealny-prezent","10":"product_cat-mountains-peaks-inspired-jewelry","11":"product_cat-nowosci-en","12":"product_cat-shining-crags","13":"product_tag-gold-earrings-with-a-mountain-motif","14":"product_tag-gold-wedding-earrings","15":"product_tag-handmade-gold-jewelry-en-4","16":"product_tag-mountain-woman-jewelry","17":"product_tag-wedding-anniversary-jewelry-for-wife","18":"tm-no-options-pxq","20":"first","21":"instock","22":"shipping-taxable","23":"purchasable","24":"product-type-variable","25":"has-default-attributes","27":"catalog-layout-default","28":"columns-xs-2"},"acf":[],"yoast_head":"<!-- This site is optimized with the Yoast SEO plugin v26.6 - https:\/\/yoast.com\/wordpress\/plugins\/seo\/ -->\n<title>Gold Earrings Shining Ridge - Hilly Sheep - Bi\u017cuteria z g\u00f3rskimi motywami<\/title>\n<meta name=\"description\" content=\"Z\u0142ote kolczyki G\u00f3ry to bi\u017cuteria, dzi\u0119ki kt\u00f3rej wyrazisz swoj\u0105 g\u00f3rsk\u0105 pasj\u0119. Zobacz kolczyki, kt\u00f3re stan\u0105 si\u0119 symbolem Twojej mi\u0142o\u015bci do g\u00f3r.\" \/>\n<meta name=\"robots\" content=\"index, follow, max-snippet:-1, max-image-preview:large, max-video-preview:-1\" \/>\n<link rel=\"canonical\" href=\"https:\/\/hillystore.com\/en\/produkt\/earrings-shining-ridge\/\" \/>\n<meta property=\"og:locale\" content=\"en_US\" \/>\n<meta property=\"og:type\" content=\"article\" \/>\n<meta property=\"og:title\" content=\"Gold Earrings Shining Ridge - Hilly Sheep - Bi\u017cuteria z g\u00f3rskimi motywami\" \/>\n<meta property=\"og:description\" content=\"Z\u0142ote kolczyki G\u00f3ry to bi\u017cuteria, dzi\u0119ki kt\u00f3rej wyrazisz swoj\u0105 g\u00f3rsk\u0105 pasj\u0119. Zobacz kolczyki, kt\u00f3re stan\u0105 si\u0119 symbolem Twojej mi\u0142o\u015bci do g\u00f3r.\" \/>\n<meta property=\"og:url\" content=\"https:\/\/hillystore.com\/en\/produkt\/earrings-shining-ridge\/\" \/>\n<meta property=\"og:site_name\" content=\"Hilly | Mountains jewellery\" \/>\n<meta property=\"article:modified_time\" content=\"2025-02-25T10:21:32+00:00\" \/>\n<meta property=\"og:image\" content=\"https:\/\/hillystore.com\/wp-content\/uploads\/2023\/12\/obraczki-0428.jpg\" \/>\n\t<meta property=\"og:image:width\" content=\"1541\" \/>\n\t<meta property=\"og:image:height\" content=\"1927\" \/>\n\t<meta property=\"og:image:type\" content=\"image\/jpeg\" \/>\n<meta name=\"twitter:card\" content=\"summary_large_image\" \/>\n<meta name=\"twitter:label1\" content=\"Est. reading time\" \/>\n\t<meta name=\"twitter:data1\" content=\"1 minute\" \/>\n<script type=\"application\/ld+json\" class=\"yoast-schema-graph\">{\"@context\":\"https:\/\/schema.org\",\"@graph\":[{\"@type\":\"WebPage\",\"@id\":\"https:\/\/hillystore.com\/en\/produkt\/earrings-shining-ridge\/\",\"url\":\"https:\/\/hillystore.com\/en\/produkt\/earrings-shining-ridge\/\",\"name\":\"Gold Earrings Shining Ridge - Hilly Sheep - Bi\u017cuteria z g\u00f3rskimi motywami\",\"isPartOf\":{\"@id\":\"https:\/\/hillystore.com\/en\/#website\"},\"primaryImageOfPage\":{\"@id\":\"https:\/\/hillystore.com\/en\/produkt\/earrings-shining-ridge\/#primaryimage\"},\"image\":{\"@id\":\"https:\/\/hillystore.com\/en\/produkt\/earrings-shining-ridge\/#primaryimage\"},\"thumbnailUrl\":\"https:\/\/hillystore.com\/wp-content\/uploads\/2023\/12\/turnie-kolczyki-2-zloto.jpg\",\"datePublished\":\"2023-12-11T09:26:35+00:00\",\"dateModified\":\"2025-02-25T10:21:32+00:00\",\"description\":\"Z\u0142ote kolczyki G\u00f3ry to bi\u017cuteria, dzi\u0119ki kt\u00f3rej wyrazisz swoj\u0105 g\u00f3rsk\u0105 pasj\u0119. Zobacz kolczyki, kt\u00f3re stan\u0105 si\u0119 symbolem Twojej mi\u0142o\u015bci do g\u00f3r.\",\"breadcrumb\":{\"@id\":\"https:\/\/hillystore.com\/en\/produkt\/earrings-shining-ridge\/#breadcrumb\"},\"inLanguage\":\"en-US\",\"potentialAction\":[{\"@type\":\"ReadAction\",\"target\":[\"https:\/\/hillystore.com\/en\/produkt\/earrings-shining-ridge\/\"]}]},{\"@type\":\"ImageObject\",\"inLanguage\":\"en-US\",\"@id\":\"https:\/\/hillystore.com\/en\/produkt\/earrings-shining-ridge\/#primaryimage\",\"url\":\"https:\/\/hillystore.com\/wp-content\/uploads\/2023\/12\/turnie-kolczyki-2-zloto.jpg\",\"contentUrl\":\"https:\/\/hillystore.com\/wp-content\/uploads\/2023\/12\/turnie-kolczyki-2-zloto.jpg\",\"width\":2005,\"height\":2506},{\"@type\":\"BreadcrumbList\",\"@id\":\"https:\/\/hillystore.com\/en\/produkt\/earrings-shining-ridge\/#breadcrumb\",\"itemListElement\":[{\"@type\":\"ListItem\",\"position\":1,\"name\":\"Home\",\"item\":\"https:\/\/hillystore.com\/en\/\"},{\"@type\":\"ListItem\",\"position\":2,\"name\":\"Shop\",\"item\":\"https:\/\/hillystore.com\/en\/shop\/\"},{\"@type\":\"ListItem\",\"position\":3,\"name\":\"Nowo\u015bci\",\"item\":\"https:\/\/hillystore.com\/en\/category\/nowosci-en\/\"},{\"@type\":\"ListItem\",\"position\":4,\"name\":\"Gold Earrings Shining Ridge\"}]},{\"@type\":\"WebSite\",\"@id\":\"https:\/\/hillystore.com\/en\/#website\",\"url\":\"https:\/\/hillystore.com\/en\/\",\"name\":\"Hilly | Mountains jewellery\",\"description\":\"\",\"potentialAction\":[{\"@type\":\"SearchAction\",\"target\":{\"@type\":\"EntryPoint\",\"urlTemplate\":\"https:\/\/hillystore.com\/en\/?s={search_term_string}\"},\"query-input\":{\"@type\":\"PropertyValueSpecification\",\"valueRequired\":true,\"valueName\":\"search_term_string\"}}],\"inLanguage\":\"en-US\"}]}<\/script>\n<!-- \/ Yoast SEO plugin. -->","yoast_head_json":{"title":"Gold Earrings Shining Ridge - Hilly Sheep - Bi\u017cuteria z g\u00f3rskimi motywami","description":"Z\u0142ote kolczyki G\u00f3ry to bi\u017cuteria, dzi\u0119ki kt\u00f3rej wyrazisz swoj\u0105 g\u00f3rsk\u0105 pasj\u0119. Zobacz kolczyki, kt\u00f3re stan\u0105 si\u0119 symbolem Twojej mi\u0142o\u015bci do g\u00f3r.","robots":{"index":"index","follow":"follow","max-snippet":"max-snippet:-1","max-image-preview":"max-image-preview:large","max-video-preview":"max-video-preview:-1"},"canonical":"https:\/\/hillystore.com\/en\/produkt\/earrings-shining-ridge\/","og_locale":"en_US","og_type":"article","og_title":"Gold Earrings Shining Ridge - Hilly Sheep - Bi\u017cuteria z g\u00f3rskimi motywami","og_description":"Z\u0142ote kolczyki G\u00f3ry to bi\u017cuteria, dzi\u0119ki kt\u00f3rej wyrazisz swoj\u0105 g\u00f3rsk\u0105 pasj\u0119. Zobacz kolczyki, kt\u00f3re stan\u0105 si\u0119 symbolem Twojej mi\u0142o\u015bci do g\u00f3r.","og_url":"https:\/\/hillystore.com\/en\/produkt\/earrings-shining-ridge\/","og_site_name":"Hilly | Mountains jewellery","article_modified_time":"2025-02-25T10:21:32+00:00","og_image":[{"width":1541,"height":1927,"url":"https:\/\/hillystore.com\/wp-content\/uploads\/2023\/12\/obraczki-0428.jpg","type":"image\/jpeg"}],"twitter_card":"summary_large_image","twitter_misc":{"Est. reading time":"1 minute"},"schema":{"@context":"https:\/\/schema.org","@graph":[{"@type":"WebPage","@id":"https:\/\/hillystore.com\/en\/produkt\/earrings-shining-ridge\/","url":"https:\/\/hillystore.com\/en\/produkt\/earrings-shining-ridge\/","name":"Gold Earrings Shining Ridge - Hilly Sheep - Bi\u017cuteria z g\u00f3rskimi motywami","isPartOf":{"@id":"https:\/\/hillystore.com\/en\/#website"},"primaryImageOfPage":{"@id":"https:\/\/hillystore.com\/en\/produkt\/earrings-shining-ridge\/#primaryimage"},"image":{"@id":"https:\/\/hillystore.com\/en\/produkt\/earrings-shining-ridge\/#primaryimage"},"thumbnailUrl":"https:\/\/hillystore.com\/wp-content\/uploads\/2023\/12\/turnie-kolczyki-2-zloto.jpg","datePublished":"2023-12-11T09:26:35+00:00","dateModified":"2025-02-25T10:21:32+00:00","description":"Z\u0142ote kolczyki G\u00f3ry to bi\u017cuteria, dzi\u0119ki kt\u00f3rej wyrazisz swoj\u0105 g\u00f3rsk\u0105 pasj\u0119. Zobacz kolczyki, kt\u00f3re stan\u0105 si\u0119 symbolem Twojej mi\u0142o\u015bci do g\u00f3r.","breadcrumb":{"@id":"https:\/\/hillystore.com\/en\/produkt\/earrings-shining-ridge\/#breadcrumb"},"inLanguage":"en-US","potentialAction":[{"@type":"ReadAction","target":["https:\/\/hillystore.com\/en\/produkt\/earrings-shining-ridge\/"]}]},{"@type":"ImageObject","inLanguage":"en-US","@id":"https:\/\/hillystore.com\/en\/produkt\/earrings-shining-ridge\/#primaryimage","url":"https:\/\/hillystore.com\/wp-content\/uploads\/2023\/12\/turnie-kolczyki-2-zloto.jpg","contentUrl":"https:\/\/hillystore.com\/wp-content\/uploads\/2023\/12\/turnie-kolczyki-2-zloto.jpg","width":2005,"height":2506},{"@type":"BreadcrumbList","@id":"https:\/\/hillystore.com\/en\/produkt\/earrings-shining-ridge\/#breadcrumb","itemListElement":[{"@type":"ListItem","position":1,"name":"Home","item":"https:\/\/hillystore.com\/en\/"},{"@type":"ListItem","position":2,"name":"Shop","item":"https:\/\/hillystore.com\/en\/shop\/"},{"@type":"ListItem","position":3,"name":"Nowo\u015bci","item":"https:\/\/hillystore.com\/en\/category\/nowosci-en\/"},{"@type":"ListItem","position":4,"name":"Gold Earrings Shining Ridge"}]},{"@type":"WebSite","@id":"https:\/\/hillystore.com\/en\/#website","url":"https:\/\/hillystore.com\/en\/","name":"Hilly | Mountains jewellery","description":"","potentialAction":[{"@type":"SearchAction","target":{"@type":"EntryPoint","urlTemplate":"https:\/\/hillystore.com\/en\/?s={search_term_string}"},"query-input":{"@type":"PropertyValueSpecification","valueRequired":true,"valueName":"search_term_string"}}],"inLanguage":"en-US"}]}},"_links":{"self":[{"href":"https:\/\/hillystore.com\/en\/wp-json\/wp\/v2\/product\/44460","targetHints":{"allow":["GET"]}}],"collection":[{"href":"https:\/\/hillystore.com\/en\/wp-json\/wp\/v2\/product"}],"about":[{"href":"https:\/\/hillystore.com\/en\/wp-json\/wp\/v2\/types\/product"}],"wp:featuredmedia":[{"embeddable":true,"href":"https:\/\/hillystore.com\/en\/wp-json\/wp\/v2\/media\/81158"}],"wp:attachment":[{"href":"https:\/\/hillystore.com\/en\/wp-json\/wp\/v2\/media?parent=44460"}],"wp:term":[{"taxonomy":"product_brand","embeddable":true,"href":"https:\/\/hillystore.com\/en\/wp-json\/wp\/v2\/product_brand?post=44460"},{"taxonomy":"product_cat","embeddable":true,"href":"https:\/\/hillystore.com\/en\/wp-json\/wp\/v2\/product_cat?post=44460"},{"taxonomy":"product_tag","embeddable":true,"href":"https:\/\/hillystore.com\/en\/wp-json\/wp\/v2\/product_tag?post=44460"},{"taxonomy":"giftcard-category","embeddable":true,"href":"https:\/\/hillystore.com\/en\/wp-json\/wp\/v2\/giftcard-category?post=44460"}],"curies":[{"name":"wp","href":"https:\/\/api.w.org\/{rel}","templated":true}]}}